{"id":121,"date":"2023-11-21T13:18:07","date_gmt":"2023-11-21T13:18:07","guid":{"rendered":"https:\/\/miprocure.com\/?page_id=121"},"modified":"2024-07-19T14:38:04","modified_gmt":"2024-07-19T14:38:04","slug":"impressum","status":"publish","type":"page","link":"https:\/\/miprocure.com\/?page_id=121","title":{"rendered":"Impressum"},"content":{"rendered":"\t\t<div data-elementor-type=\"wp-page\" data-elementor-id=\"121\" class=\"elementor elementor-121\">\n\t\t\t\t<div class=\"elementor-element elementor-element-c830a68 e-con-full e-flex wpr-particle-no wpr-jarallax-no wpr-parallax-no wpr-sticky-section-no e-con e-parent\" data-id=\"c830a68\" data-element_type=\"container\" data-settings=\"{&quot;_ha_eqh_enable&quot;:false}\">\n\t\t\t\t<div class=\"elementor-element elementor-element-f4a8984 elementor-widget elementor-widget-text-editor\" data-id=\"f4a8984\" data-element_type=\"widget\" data-widget_type=\"text-editor.default\">\n\t\t\t\t<div class=\"elementor-widget-container\">\n\t\t\t<style>\/*! elementor - v3.23.0 - 15-07-2024 *\/\n.elementor-widget-text-editor.elementor-drop-cap-view-stacked .elementor-drop-cap{background-color:#69727d;color:#fff}.elementor-widget-text-editor.elementor-drop-cap-view-framed .elementor-drop-cap{color:#69727d;border:3px solid;background-color:transparent}.elementor-widget-text-editor:not(.elementor-drop-cap-view-default) .elementor-drop-cap{margin-top:8px}.elementor-widget-text-editor:not(.elementor-drop-cap-view-default) .elementor-drop-cap-letter{width:1em;height:1em}.elementor-widget-text-editor .elementor-drop-cap{float:left;text-align:center;line-height:1;font-size:50px}.elementor-widget-text-editor .elementor-drop-cap-letter{display:inline-block}<\/style>\t\t\t\t<h1>Impressum<\/h1><h2>Angaben gem\u00e4\u00df \u00a7 5 TMG<\/h2><p>miproCure GmbH<br \/>Marie-Curie-Stra\u00dfe 8<br \/>37079 G\u00f6ttingen Germany<\/p><h2>Kontakt<\/h2><p>Telefon: +49(0)179 7465465<br \/>E-Mail: info@miprocure.com<\/p><h2>EU-Streitschlichtung<\/h2><p>Die Europ\u00e4ische Kommission stellt eine Plattform zur Online-Streitbeilegung (OS) bereit:\u00a0<a href=\"https:\/\/ec.europa.eu\/consumers\/odr\/\" target=\"_blank\" rel=\"noopener noreferrer\">Https:\/\/Ec.Europa.Eu\/Consumers\/Odr\/<\/a>.<br \/>Unsere E-Mail-Adresse finden Sie oben im Impressum.<\/p><h2>Verbraucher\u00adstreit\u00adbeilegung\/Universal\u00adschlichtungs\u00adstelle<\/h2><p>Wir nehmen an einem Streitbeilegungsverfahren vor einer Verbraucherschlichtungsstelle teil. Zust\u00e4ndig ist die Universalschlichtungsstelle des Zentrums f\u00fcr Schlichtung e.V., Stra\u00dfburger Stra\u00dfe 8, 77694 Kehl am Rhein (<a href=\"https:\/\/www.verbraucher-schlichter.de\/\" target=\"_blank\" rel=\"noopener noreferrer\">Https:\/\/Www.Verbraucher-Schlichter.De<\/a>).<\/p><p>Quelle:\u00a0<a href=\"https:\/\/www.e-recht24.de\/\">ERecht24<\/a><\/p>\t\t\t\t\t\t<\/div>\n\t\t\t\t<\/div>\n\t\t\t\t<\/div>\n\t\t\t\t<\/div>\n\t\t","protected":false},"excerpt":{"rendered":"<p>Impressum Angaben gem\u00e4\u00df \u00a7 5 TMG miproCure GmbHMarie-Curie-Stra\u00dfe 837079 G\u00f6ttingen Germany Kontakt Telefon: +49(0)179 7465465E-Mail: info@miprocure.com EU-Streitschlichtung Die Europ\u00e4ische Kommission stellt eine Plattform zur Online-Streitbeilegung (OS) bereit:\u00a0Https:\/\/Ec.Europa.Eu\/Consumers\/Odr\/.Unsere E-Mail-Adresse finden Sie oben im Impressum. Verbraucher\u00adstreit\u00adbeilegung\/Universal\u00adschlichtungs\u00adstelle Wir nehmen an einem Streitbeilegungsverfahren vor einer Verbraucherschlichtungsstelle teil. Zust\u00e4ndig ist die Universalschlichtungsstelle des Zentrums f\u00fcr Schlichtung e.V., Stra\u00dfburger Stra\u00dfe 8, 77694 Kehl am Rhein (Https:\/\/Www.Verbraucher-Schlichter.De). Quelle:\u00a0ERecht24<\/p>\n","protected":false},"author":1,"featured_media":0,"parent":0,"menu_order":0,"comment_status":"closed","ping_status":"closed","template":"","meta":{"footnotes":""},"yoast_head":"<!-- This site is optimized with the Yoast SEO plugin v23.0 - https:\/\/yoast.com\/wordpress\/plugins\/seo\/ -->\n<title>Impressum - Miprocure<\/title>\n<meta name=\"robots\" content=\"index, follow, max-snippet:-1, max-image-preview:large, max-video-preview:-1\" \/>\n<link rel=\"canonical\" href=\"https:\/\/miprocure.com\/?page_id=121\" \/>\n<meta property=\"og:locale\" content=\"de_DE\" \/>\n<meta property=\"og:type\" content=\"article\" \/>\n<meta property=\"og:title\" content=\"Impressum - Miprocure\" \/>\n<meta property=\"og:description\" content=\"Impressum Angaben gem\u00e4\u00df \u00a7 5 TMG miproCure GmbHMarie-Curie-Stra\u00dfe 837079 G\u00f6ttingen Germany Kontakt Telefon: +49(0)179 7465465E-Mail: info@miprocure.com EU-Streitschlichtung Die Europ\u00e4ische Kommission stellt eine Plattform zur Online-Streitbeilegung (OS) bereit:\u00a0Https:\/\/Ec.Europa.Eu\/Consumers\/Odr\/.Unsere E-Mail-Adresse finden Sie oben im Impressum. Verbraucher\u00adstreit\u00adbeilegung\/Universal\u00adschlichtungs\u00adstelle Wir nehmen an einem Streitbeilegungsverfahren vor einer Verbraucherschlichtungsstelle teil. Zust\u00e4ndig ist die Universalschlichtungsstelle des Zentrums f\u00fcr Schlichtung e.V., Stra\u00dfburger Stra\u00dfe 8, 77694 Kehl am Rhein (Https:\/\/Www.Verbraucher-Schlichter.De). Quelle:\u00a0ERecht24\" \/>\n<meta property=\"og:url\" content=\"https:\/\/miprocure.com\/?page_id=121\" \/>\n<meta property=\"og:site_name\" content=\"Miprocure\" \/>\n<meta property=\"article:modified_time\" content=\"2024-07-19T14:38:04+00:00\" \/>\n<meta name=\"twitter:card\" content=\"summary_large_image\" \/>\n<script type=\"application\/ld+json\" class=\"yoast-schema-graph\">{\"@context\":\"https:\/\/schema.org\",\"@graph\":[{\"@type\":\"WebPage\",\"@id\":\"https:\/\/miprocure.com\/?page_id=121\",\"url\":\"https:\/\/miprocure.com\/?page_id=121\",\"name\":\"Impressum - Miprocure\",\"isPartOf\":{\"@id\":\"https:\/\/miprocure.com\/#website\"},\"datePublished\":\"2023-11-21T13:18:07+00:00\",\"dateModified\":\"2024-07-19T14:38:04+00:00\",\"breadcrumb\":{\"@id\":\"https:\/\/miprocure.com\/?page_id=121#breadcrumb\"},\"inLanguage\":\"de\",\"potentialAction\":[{\"@type\":\"ReadAction\",\"target\":[\"https:\/\/miprocure.com\/?page_id=121\"]}]},{\"@type\":\"BreadcrumbList\",\"@id\":\"https:\/\/miprocure.com\/?page_id=121#breadcrumb\",\"itemListElement\":[{\"@type\":\"ListItem\",\"position\":1,\"name\":\"Home\",\"item\":\"https:\/\/miprocure.com\/\"},{\"@type\":\"ListItem\",\"position\":2,\"name\":\"Impressum\"}]},{\"@type\":\"WebSite\",\"@id\":\"https:\/\/miprocure.com\/#website\",\"url\":\"https:\/\/miprocure.com\/\",\"name\":\"Miprocure\",\"description\":\"\",\"publisher\":{\"@id\":\"https:\/\/miprocure.com\/#organization\"},\"potentialAction\":[{\"@type\":\"SearchAction\",\"target\":{\"@type\":\"EntryPoint\",\"urlTemplate\":\"https:\/\/miprocure.com\/?s={search_term_string}\"},\"query-input\":\"required name=search_term_string\"}],\"inLanguage\":\"de\"},{\"@type\":\"Organization\",\"@id\":\"https:\/\/miprocure.com\/#organization\",\"name\":\"Miprocure\",\"url\":\"https:\/\/miprocure.com\/\",\"logo\":{\"@type\":\"ImageObject\",\"inLanguage\":\"de\",\"@id\":\"https:\/\/miprocure.com\/#\/schema\/logo\/image\/\",\"url\":\"https:\/\/miprocure.com\/wp-content\/uploads\/2023\/11\/miprocure_logo_blue-removebg-preview.png\",\"contentUrl\":\"https:\/\/miprocure.com\/wp-content\/uploads\/2023\/11\/miprocure_logo_blue-removebg-preview.png\",\"width\":989,\"height\":252,\"caption\":\"Miprocure\"},\"image\":{\"@id\":\"https:\/\/miprocure.com\/#\/schema\/logo\/image\/\"}}]}<\/script>\n<!-- \/ Yoast SEO plugin. -->","yoast_head_json":{"title":"Impressum - Miprocure","robots":{"index":"index","follow":"follow","max-snippet":"max-snippet:-1","max-image-preview":"max-image-preview:large","max-video-preview":"max-video-preview:-1"},"canonical":"https:\/\/miprocure.com\/?page_id=121","og_locale":"de_DE","og_type":"article","og_title":"Impressum - Miprocure","og_description":"Impressum Angaben gem\u00e4\u00df \u00a7 5 TMG miproCure GmbHMarie-Curie-Stra\u00dfe 837079 G\u00f6ttingen Germany Kontakt Telefon: +49(0)179 7465465E-Mail: info@miprocure.com EU-Streitschlichtung Die Europ\u00e4ische Kommission stellt eine Plattform zur Online-Streitbeilegung (OS) bereit:\u00a0Https:\/\/Ec.Europa.Eu\/Consumers\/Odr\/.Unsere E-Mail-Adresse finden Sie oben im Impressum. Verbraucher\u00adstreit\u00adbeilegung\/Universal\u00adschlichtungs\u00adstelle Wir nehmen an einem Streitbeilegungsverfahren vor einer Verbraucherschlichtungsstelle teil. Zust\u00e4ndig ist die Universalschlichtungsstelle des Zentrums f\u00fcr Schlichtung e.V., Stra\u00dfburger Stra\u00dfe 8, 77694 Kehl am Rhein (Https:\/\/Www.Verbraucher-Schlichter.De). Quelle:\u00a0ERecht24","og_url":"https:\/\/miprocure.com\/?page_id=121","og_site_name":"Miprocure","article_modified_time":"2024-07-19T14:38:04+00:00","twitter_card":"summary_large_image","schema":{"@context":"https:\/\/schema.org","@graph":[{"@type":"WebPage","@id":"https:\/\/miprocure.com\/?page_id=121","url":"https:\/\/miprocure.com\/?page_id=121","name":"Impressum - Miprocure","isPartOf":{"@id":"https:\/\/miprocure.com\/#website"},"datePublished":"2023-11-21T13:18:07+00:00","dateModified":"2024-07-19T14:38:04+00:00","breadcrumb":{"@id":"https:\/\/miprocure.com\/?page_id=121#breadcrumb"},"inLanguage":"de","potentialAction":[{"@type":"ReadAction","target":["https:\/\/miprocure.com\/?page_id=121"]}]},{"@type":"BreadcrumbList","@id":"https:\/\/miprocure.com\/?page_id=121#breadcrumb","itemListElement":[{"@type":"ListItem","position":1,"name":"Home","item":"https:\/\/miprocure.com\/"},{"@type":"ListItem","position":2,"name":"Impressum"}]},{"@type":"WebSite","@id":"https:\/\/miprocure.com\/#website","url":"https:\/\/miprocure.com\/","name":"Miprocure","description":"","publisher":{"@id":"https:\/\/miprocure.com\/#organization"},"potentialAction":[{"@type":"SearchAction","target":{"@type":"EntryPoint","urlTemplate":"https:\/\/miprocure.com\/?s={search_term_string}"},"query-input":"required name=search_term_string"}],"inLanguage":"de"},{"@type":"Organization","@id":"https:\/\/miprocure.com\/#organization","name":"Miprocure","url":"https:\/\/miprocure.com\/","logo":{"@type":"ImageObject","inLanguage":"de","@id":"https:\/\/miprocure.com\/#\/schema\/logo\/image\/","url":"https:\/\/miprocure.com\/wp-content\/uploads\/2023\/11\/miprocure_logo_blue-removebg-preview.png","contentUrl":"https:\/\/miprocure.com\/wp-content\/uploads\/2023\/11\/miprocure_logo_blue-removebg-preview.png","width":989,"height":252,"caption":"Miprocure"},"image":{"@id":"https:\/\/miprocure.com\/#\/schema\/logo\/image\/"}}]}},"_links":{"self":[{"href":"https:\/\/miprocure.com\/index.php?rest_route=\/wp\/v2\/pages\/121"}],"collection":[{"href":"https:\/\/miprocure.com\/index.php?rest_route=\/wp\/v2\/pages"}],"about":[{"href":"https:\/\/miprocure.com\/index.php?rest_route=\/wp\/v2\/types\/page"}],"author":[{"embeddable":true,"href":"https:\/\/miprocure.com\/index.php?rest_route=\/wp\/v2\/users\/1"}],"replies":[{"embeddable":true,"href":"https:\/\/miprocure.com\/index.php?rest_route=%2Fwp%2Fv2%2Fcomments&post=121"}],"version-history":[{"count":7,"href":"https:\/\/miprocure.com\/index.php?rest_route=\/wp\/v2\/pages\/121\/revisions"}],"predecessor-version":[{"id":205,"href":"https:\/\/miprocure.com\/index.php?rest_route=\/wp\/v2\/pages\/121\/revisions\/205"}],"wp:attachment":[{"href":"https:\/\/miprocure.com\/index.php?rest_route=%2Fwp%2Fv2%2Fmedia&parent=121"}],"curies":[{"name":"wp","href":"https:\/\/api.w.org\/{rel}","templated":true}]}}